{"id":9,"date":"2018-02-05T06:07:39","date_gmt":"2018-02-05T11:07:39","guid":{"rendered":"https:\/\/the7.io\/digital-agency\/?page_id=9"},"modified":"2021-02-04T10:56:00","modified_gmt":"2021-02-04T10:56:00","slug":"azafatas","status":"publish","type":"page","link":"https:\/\/grupoaecar.es\/adesco\/azafatas\/","title":{"rendered":"Azafatas"},"content":{"rendered":"<section class=\"wpb-content-wrapper\"><p>[vc_row][vc_column][vc_column_text]<\/p>\n<h3 id=\"fancy-title-22\" class=\"mk-fancy-title responsive-align-center simple-title center-align mk-animate-element flip-x mk-in-viewport\" style=\"text-align: left;\"><em><span class=\"fancy-title-span pointed\">En Adesco contamos con todo tipo de perfiles para eventos tanto a nivel de imagen c\u00f3mo de atenci\u00f3n al p\u00fablico. Todos ellos son seleccionados minuciosamente y cuentan con la total capacidad para desempe\u00f1ar sus funciones.<\/span><\/em><\/h3>\n<div style=\"text-align: left;\"><\/div>\n<p>[\/vc_column_text][\/vc_column][\/vc_row][vc_row css=\u00bb.vc_custom_1537265972230{border-right-width: 20px !important;border-left-width: 20px !important;}\u00bb][vc_column][vc_tabs interval=\u00bb0&#8243; title_size=\u00bbnormal\u00bb][vc_tab title=\u00bbC\u00d3MO TRABAJAMOS\u00bb tab_id=\u00bbf64d0b16-9b0a-10&#8243;]<div class=\"standard-arrow list-divider bullet-top\"><ul>\n<li>\n<h4>Supervisamos diariamente a todo nuestro personal, para que haya un control en todo momento<\/h4>\n<\/li>\n<li>\n<h4>Adem\u00e1s de una impecable presencia, exigimos a todo nuestro personal iniciativa, gran capacidad de comunicaci\u00f3n, responsabilidad, puntualidad y empat\u00eda<\/h4>\n<\/li>\n<li>\n<h4>Consideramos estas cualidades imprescindibles a la hora de realizar cualquier trabajo de cara al p\u00fablico. La imagen que ofrecemos representa el esp\u00edritu de la empresa.<\/h4>\n<\/li>\n<\/ul>\n<\/div>[\/vc_tab][vc_tab title=\u00bbQU\u00c9 OFRECEMOS\u00bb tab_id=\u00bbd4a355a5-5d9d-8&#8243;]<div class=\"standard-arrow list-divider bullet-top\"><ul>\n<li>\n<h4>Azafatas Imagen y Protocolo: Actos sociales, deportivos, recepci\u00f3n y acompa\u00f1amiento de invitados, inauguraciones, etc.<\/h4>\n<\/li>\n<li>\n<h4>Azafatas Ferias y Congresos: Atenci\u00f3n al p\u00fablico, informaci\u00f3n de productos, registro entrada, acreditaciones, guardaropas, etc.<\/h4>\n<\/li>\n<li>\n<h4>Animadores punto de venta<\/h4>\n<\/li>\n<\/ul>\n<\/div>[\/vc_tab][vc_tab title=\u00bbCALIDAD DEL SERVICIO\u00bb tab_id=\u00bb1537266346888-2-9&#8243;]<div class=\"standard-arrow list-divider bullet-top\"><ul>\n<li>\n<h4>Contrataci\u00f3n + alta en Seguridad Social<\/h4>\n<\/li>\n<li>\n<h4>Coordinaci\u00f3n y supervisi\u00f3n del trabajo<\/h4>\n<\/li>\n<li>\n<h4>Realizaci\u00f3n de castings personalizados a la necesidad de nuestro cliente<\/h4>\n<\/li>\n<\/ul>\n<\/div>[\/vc_tab][vc_tab title=\u00bbNUESTRO PERSONAL\u00bb tab_id=\u00bb1537266559703-3-0&#8243;]<div class=\"standard-arrow list-divider bullet-top\"><ul>\n<li>\n<h4>J\u00f3venes entre 18 y 35 a\u00f1os<\/h4>\n<\/li>\n<li>\n<h4>Actitud proactiva, resolutiva, puntualidad, seriedad y eficacia<\/h4>\n<\/li>\n<li>\n<h4>Personal con experiencia en trabajos eventuales y\/o comerciales<\/h4>\n<\/li>\n<li>\n<h4>Permiso de conducir<\/h4>\n<\/li>\n<\/ul>\n<\/div>[\/vc_tab][\/vc_tabs][\/vc_column][\/vc_row][vc_row][vc_column][vc_media_grid element_width=\u00bb3&#8243; gap=\u00bb10&#8243; grid_id=\u00bbvc_gid:1612436020893-98e68a04-197b-10&#8243; include=\u00bb943,944,1003,946,1000,950,951,952,954,1004,1038,1040&#8243;][\/vc_column][\/vc_row]<\/p>\n<\/section>","protected":false},"excerpt":{"rendered":"<p>[vc_row][vc_column][vc_column_text] En Adesco contamos con todo tipo de perfiles para eventos tanto a nivel de imagen c\u00f3mo de atenci\u00f3n al p\u00fablico. Todos ellos son seleccionados minuciosamente y cuentan con la total capacidad para desempe\u00f1ar sus funciones. [\/vc_column_text][\/vc_column][\/vc_row][vc_row css=\u00bb.vc_custom_1537265972230{border-right-width: 20px !important;border-left-width: 20px !important;}\u00bb][vc_column][vc_tabs interval=\u00bb0&#8243; title_size=\u00bbnormal\u00bb][vc_tab title=\u00bbC\u00d3MO TRABAJAMOS\u00bb tab_id=\u00bbf64d0b16-9b0a-10&#8243;][\/vc_tab][vc_tab title=\u00bbQU\u00c9 OFRECEMOS\u00bb tab_id=\u00bbd4a355a5-5d9d-8&#8243;][\/vc_tab][vc_tab title=\u00bbCALIDAD DEL SERVICIO\u00bb tab_id=\u00bb1537266346888-2-9&#8243;][\/vc_tab][vc_tab title=\u00bbNUESTRO&hellip;<\/p>\n","protected":false},"author":1,"featured_media":0,"parent":0,"menu_order":10,"comment_status":"closed","ping_status":"closed","template":"","meta":[],"_links":{"self":[{"href":"https:\/\/grupoaecar.es\/adesco\/wp-json\/wp\/v2\/pages\/9"}],"collection":[{"href":"https:\/\/grupoaecar.es\/adesco\/wp-json\/wp\/v2\/pages"}],"about":[{"href":"https:\/\/grupoaecar.es\/adesco\/wp-json\/wp\/v2\/types\/page"}],"author":[{"embeddable":true,"href":"https:\/\/grupoaecar.es\/adesco\/wp-json\/wp\/v2\/users\/1"}],"replies":[{"embeddable":true,"href":"https:\/\/grupoaecar.es\/adesco\/wp-json\/wp\/v2\/comments?post=9"}],"version-history":[{"count":42,"href":"https:\/\/grupoaecar.es\/adesco\/wp-json\/wp\/v2\/pages\/9\/revisions"}],"predecessor-version":[{"id":1041,"href":"https:\/\/grupoaecar.es\/adesco\/wp-json\/wp\/v2\/pages\/9\/revisions\/1041"}],"wp:attachment":[{"href":"https:\/\/grupoaecar.es\/adesco\/wp-json\/wp\/v2\/media?parent=9"}],"curies":[{"name":"wp","href":"https:\/\/api.w.org\/{rel}","templated":true}]}}