{"id":11,"date":"2018-02-05T06:07:58","date_gmt":"2018-02-05T11:07:58","guid":{"rendered":"https:\/\/the7.io\/digital-agency\/?page_id=11"},"modified":"2019-03-17T11:07:28","modified_gmt":"2019-03-17T11:07:28","slug":"eventos","status":"publish","type":"page","link":"https:\/\/grupoaecar.es\/adesco\/eventos\/","title":{"rendered":"Eventos"},"content":{"rendered":"<section class=\"wpb-content-wrapper\"><p>[vc_row][vc_column][vc_column_text]<\/p>\n<h3 style=\"text-align: left;\">Ponemos todo nuestro ingenio y experiencia para contribuir al \u00e9xito de cualquier tipo de evento.<\/h3>\n<h3>Contamos con el respaldo de a\u00f1os de experiencia en la organizaci\u00f3n de eventos, producci\u00f3n, montaje de infraestructuras, sonido e iluminaci\u00f3n y coordinaci\u00f3n, que avalan la calidad en nuestros servicios.<\/h3>\n<h3 style=\"text-align: left;\">Te ayudamos a crear experiencias \u00fanicas y memorables: vivencias que consigan despertar una verdadera emoci\u00f3n en las personas.<\/h3>\n<p>[\/vc_column_text][vc_empty_space height=\u00bb50px\u00bb][\/vc_column][\/vc_row][vc_row][vc_column width=\u00bb1\/2&#8243;]<div class=\"standard-arrow list-divider bullet-top\"><ul>\n<li>\n<h4>Reuniones y Convenciones<\/h4>\n<\/li>\n<li>\n<h4>Conferencias y Simposios<\/h4>\n<\/li>\n<li>\n<h4>Seminarios, Cursos de Formaci\u00f3n y Workshops<\/h4>\n<\/li>\n<li>\n<h4>Ferias Comerciales<\/h4>\n<\/li>\n<li>\n<h4>Eventos Especiales<\/h4>\n<\/li>\n<li>\n<h4>Presentaciones de Producto<\/h4>\n<\/li>\n<li>\n<h4>Exposiciones y Showrooms<\/h4>\n<\/li>\n<\/ul>\n<\/div>[\/vc_column][vc_column width=\u00bb1\/2&#8243;]<div class=\"standard-arrow list-divider bullet-top\"><ul>\n<li>\n<h4>Producci\u00f3n<\/h4>\n<\/li>\n<li>\n<h4>Infraestructuras<\/h4>\n<\/li>\n<li>\n<h4>Sonido e iluminaci\u00f3n<\/h4>\n<\/li>\n<li>\n<h4>Coordinaci\u00f3n \/ Regidor<\/h4>\n<\/li>\n<li>\n<h4>Presentaciones<\/h4>\n<\/li>\n<li>\n<h4>Animaci\u00f3n<\/h4>\n<\/li>\n<\/ul>\n<\/div>[\/vc_column][\/vc_row][vc_row][vc_column][vc_empty_space height=\u00bb50px\u00bb][\/vc_column][\/vc_row][vc_row][vc_column][vc_column_text]<\/p>\n<h3 style=\"text-align: left;\">Te asesoramos y nos aseguramos que tu evento sea como lo has imaginado y no uno m\u00e1s. S\u00f3lo preoc\u00fapate de contarnos lo que necesitas y el resto d\u00e9janoslo a nosotros.<\/h3>\n<p>[\/vc_column_text][vc_media_grid element_width=\u00bb3&#8243; gap=\u00bb15&#8243; grid_id=\u00bbvc_gid:1552820821811-b0aa22e4-9afb-8&#8243; include=\u00bb930,931,932,933,934,935,936,937,938,939,940,941&#8243;]<style type=\"text\/css\" data-type=\"the7_shortcodes-inline-css\">#default-btn-24b07b7767dcc79945533ea6d71bb066.ico-right-side > i {\n  margin-right: 0px;\n  margin-left: 8px;\n}\n#default-btn-24b07b7767dcc79945533ea6d71bb066 > i {\n  margin-right: 8px;\n}\n<\/style><div class=\"btn-align-center\"><a href=\"http:\/\/grupoaecar.es\/adesco\/contacto\/\" class=\"default-btn-shortcode dt-btn dt-btn-m link-hover-off \" target=\"_blank\" id=\"default-btn-24b07b7767dcc79945533ea6d71bb066\" style=\"width:300px;\" rel=\"noopener\"><span>Contacto<\/span><\/a><\/div>[vc_empty_space height=\u00bb50px\u00bb][\/vc_column][\/vc_row]<\/p>\n<\/section>","protected":false},"excerpt":{"rendered":"<p>[vc_row][vc_column][vc_column_text] Ponemos todo nuestro ingenio y experiencia para contribuir al \u00e9xito de cualquier tipo de evento. Contamos con el respaldo de a\u00f1os de experiencia en la organizaci\u00f3n de eventos, producci\u00f3n, montaje de infraestructuras, sonido e iluminaci\u00f3n y coordinaci\u00f3n, que avalan la calidad en nuestros servicios. Te ayudamos a crear experiencias \u00fanicas y memorables: vivencias que&hellip;<\/p>\n","protected":false},"author":1,"featured_media":0,"parent":0,"menu_order":20,"comment_status":"closed","ping_status":"closed","template":"","meta":[],"_links":{"self":[{"href":"https:\/\/grupoaecar.es\/adesco\/wp-json\/wp\/v2\/pages\/11"}],"collection":[{"href":"https:\/\/grupoaecar.es\/adesco\/wp-json\/wp\/v2\/pages"}],"about":[{"href":"https:\/\/grupoaecar.es\/adesco\/wp-json\/wp\/v2\/types\/page"}],"author":[{"embeddable":true,"href":"https:\/\/grupoaecar.es\/adesco\/wp-json\/wp\/v2\/users\/1"}],"replies":[{"embeddable":true,"href":"https:\/\/grupoaecar.es\/adesco\/wp-json\/wp\/v2\/comments?post=11"}],"version-history":[{"count":38,"href":"https:\/\/grupoaecar.es\/adesco\/wp-json\/wp\/v2\/pages\/11\/revisions"}],"predecessor-version":[{"id":971,"href":"https:\/\/grupoaecar.es\/adesco\/wp-json\/wp\/v2\/pages\/11\/revisions\/971"}],"wp:attachment":[{"href":"https:\/\/grupoaecar.es\/adesco\/wp-json\/wp\/v2\/media?parent=11"}],"curies":[{"name":"wp","href":"https:\/\/api.w.org\/{rel}","templated":true}]}}